{"id":272,"date":"2021-12-27T22:06:13","date_gmt":"2021-12-27T22:06:13","guid":{"rendered":"https:\/\/oslobodisebe.rs\/?page_id=272"},"modified":"2022-01-12T12:01:42","modified_gmt":"2022-01-12T12:01:42","slug":"blog","status":"publish","type":"page","link":"https:\/\/oslobodisebe.rs\/index.php\/blog\/","title":{"rendered":"Blog"},"content":{"rendered":"<p>[et_pb_section fb_built=&#8220;1&#8243; fullwidth=&#8220;on&#8220; _builder_version=&#8220;4.14.5&#8243; background_enable_color=&#8220;off&#8220; background_image=&#8220;https:\/\/oslobodisebe.rs\/wp-content\/uploads\/2022\/01\/blog.jpeg&#8220; bottom_divider_style=&#8220;slant&#8220; bottom_divider_color=&#8220;gcid-0e4fbad2-101c-475a-8ed2-17ed0d18fad7&#8243; bottom_divider_flip=&#8220;horizontal&#8220; global_colors_info=&#8220;{%22gcid-0e4fbad2-101c-475a-8ed2-17ed0d18fad7%22:%91%22bottom_divider_color%22%93}&#8220;][et_pb_fullwidth_header title=&#8220;BLOG&#8220; subhead=&#8220;OSLOBODI SEBE&#8220; text_orientation=&#8220;center&#8220; background_overlay_color=&#8220;rgba(237,213,61,0.74)&#8220; logo_image_url=&#8220;https:\/\/oslobodisebe.rs\/wp-content\/uploads\/2021\/11\/oslobodi-sebe.png&#8220; _builder_version=&#8220;4.13.0&#8243; title_font=&#8220;Lato|700|||||||&#8220; title_font_size=&#8220;46px&#8220; title_line_height=&#8220;1.5em&#8220; content_font=&#8220;Lato||||||||&#8220; content_font_size=&#8220;20px&#8220; content_line_height=&#8220;1.8em&#8220; subhead_font=&#8220;Lato|700|||||||&#8220; subhead_text_color=&#8220;#0cb5ae&#8220; subhead_font_size=&#8220;25px&#8220; subhead_line_height=&#8220;1.5em&#8220; background_color=&#8220;RGBA(0,0,0,0)&#8220; background_enable_image=&#8220;off&#8220; custom_margin=&#8220;|||&#8220; custom_padding=&#8220;5vw||150px||false&#8220; animation_style=&#8220;slide&#8220; animation_direction=&#8220;top&#8220; animation_intensity_slide=&#8220;2%&#8220; title_font_size_tablet=&#8220;36px&#8220; title_font_size_phone=&#8220;&#8220; title_font_size_last_edited=&#8220;on|phone&#8220; global_colors_info=&#8220;{}&#8220; button_one_text_size__hover_enabled=&#8220;off&#8220; button_two_text_size__hover_enabled=&#8220;off&#8220; button_one_text_color__hover_enabled=&#8220;off&#8220; button_two_text_color__hover_enabled=&#8220;off&#8220; button_one_border_width__hover_enabled=&#8220;off&#8220; button_two_border_width__hover_enabled=&#8220;off&#8220; button_one_border_color__hover_enabled=&#8220;off&#8220; button_two_border_color__hover_enabled=&#8220;off&#8220; button_one_border_radius__hover_enabled=&#8220;off&#8220; button_two_border_radius__hover_enabled=&#8220;off&#8220; button_one_letter_spacing__hover_enabled=&#8220;off&#8220; button_two_letter_spacing__hover_enabled=&#8220;off&#8220; button_one_bg_color__hover_enabled=&#8220;off&#8220; button_two_bg_color__hover_enabled=&#8220;off&#8220;][\/et_pb_fullwidth_header][\/et_pb_section][et_pb_section fb_built=&#8220;1&#8243; next_background_color=&#8220;#ffffff&#8220; admin_label=&#8220;Quote&#8220; _builder_version=&#8220;4.13.0&#8243; background_color=&#8220;RGBA(0,0,0,0)&#8220; use_background_color_gradient=&#8220;on&#8220; background_color_gradient_start=&#8220;gcid-0e4fbad2-101c-475a-8ed2-17ed0d18fad7&#8243; background_color_gradient_end=&#8220;gcid-6a43bd77-5ddd-488a-9851-b88ad3c8f6d0&#8243; custom_padding=&#8220;||150px||false&#8220; bottom_divider_style=&#8220;slant&#8220; bottom_divider_flip=&#8220;horizontal&#8220; global_colors_info=&#8220;{%22gcid-0e4fbad2-101c-475a-8ed2-17ed0d18fad7%22:%91%22colorStart%22%93,%22gcid-6a43bd77-5ddd-488a-9851-b88ad3c8f6d0%22:%91%22colorEnd%22%93}&#8220;][et_pb_row _builder_version=&#8220;3.25&#8243; global_colors_info=&#8220;{}&#8220;][et_pb_column type=&#8220;4_4&#8243; _builder_version=&#8220;3.25&#8243; custom_padding=&#8220;|||&#8220; global_colors_info=&#8220;{}&#8220; custom_padding__hover=&#8220;|||&#8220;][et_pb_text _builder_version=&#8220;4.13.0&#8243; text_font=&#8220;Caveat|700|||||||&#8220; text_text_color=&#8220;#ffffff&#8220; text_font_size=&#8220;47px&#8220; text_line_height=&#8220;1.5em&#8220; header_font=&#8220;||||||||&#8220; text_orientation=&#8220;center&#8220; max_width=&#8220;800px&#8220; module_alignment=&#8220;center&#8220; text_font_size_tablet=&#8220;36px&#8220; text_font_size_phone=&#8220;26px&#8220; text_font_size_last_edited=&#8220;on|phone&#8220; global_colors_info=&#8220;{}&#8220;]<\/p>\n<p>Uvek je pravo vreme da zapo\u010dne\u0161 s radom na sebi.<\/p>\n<p>[\/et_pb_text][\/et_pb_column][\/et_pb_row][\/et_pb_section][et_pb_section fb_built=&#8220;1&#8243; admin_label=&#8220;About Me&#8220; _builder_version=&#8220;4.13.0&#8243; background_color=&#8220;#ffffff&#8220; custom_padding=&#8220;||150px||false|false&#8220; bottom_divider_style=&#8220;slant&#8220; bottom_divider_color=&#8220;gcid-0e4fbad2-101c-475a-8ed2-17ed0d18fad7&#8243; bottom_divider_flip=&#8220;horizontal&#8220; global_colors_info=&#8220;{%22gcid-0e4fbad2-101c-475a-8ed2-17ed0d18fad7%22:%91%22bottom_divider_color%22%93}&#8220;][et_pb_row _builder_version=&#8220;4.14.4&#8243; _module_preset=&#8220;default&#8220; global_colors_info=&#8220;{}&#8220;][et_pb_column type=&#8220;4_4&#8243; _builder_version=&#8220;4.14.4&#8243; _module_preset=&#8220;default&#8220; global_colors_info=&#8220;{}&#8220;][et_pb_blog fullwidth=&#8220;off&#8220; include_categories=&#8220;9&#8243; show_more=&#8220;on&#8220; show_author=&#8220;off&#8220; show_date=&#8220;off&#8220; show_categories=&#8220;off&#8220; show_pagination=&#8220;off&#8220; _builder_version=&#8220;4.14.4&#8243; _module_preset=&#8220;default&#8220; header_level=&#8220;h1&#8243; header_font=&#8220;|700|||||||&#8220; header_text_color=&#8220;gcid-0e4fbad2-101c-475a-8ed2-17ed0d18fad7&#8243; global_colors_info=&#8220;{%22gcid-0e4fbad2-101c-475a-8ed2-17ed0d18fad7%22:%91%22header_text_color%22%93}&#8220;][\/et_pb_blog][\/et_pb_column][\/et_pb_row][\/et_pb_section][et_pb_section fb_built=&#8220;1&#8243; next_background_color=&#8220;#ffffff&#8220; admin_label=&#8220;CTA&#8220; _builder_version=&#8220;4.13.0&#8243; background_color=&#8220;#ffbe6b&#8220; use_background_color_gradient=&#8220;on&#8220; background_color_gradient_start=&#8220;gcid-0e4fbad2-101c-475a-8ed2-17ed0d18fad7&#8243; background_color_gradient_end=&#8220;gcid-6a43bd77-5ddd-488a-9851-b88ad3c8f6d0&#8243; background_color_gradient_end_position=&#8220;70%&#8220; background_color_gradient_overlays_image=&#8220;on&#8220; background_image=&#8220;https:\/\/oslobodisebe.rs\/wp-content\/uploads\/2021\/12\/life-coach-03-1.jpg&#8220; custom_margin=&#8220;|||&#8220; custom_padding=&#8220;0px||0px||true&#8220; top_divider_color=&#8220;#f5f5f5&#8243; top_divider_flip=&#8220;vertical&#8220; top_divider_arrangement=&#8220;above_content&#8220; bottom_divider_style=&#8220;slant&#8220; bottom_divider_flip=&#8220;vertical&#8220; bottom_divider_arrangement=&#8220;above_content&#8220; global_colors_info=&#8220;{%22gcid-0e4fbad2-101c-475a-8ed2-17ed0d18fad7%22:%91%22colorStart%22%93,%22gcid-6a43bd77-5ddd-488a-9851-b88ad3c8f6d0%22:%91%22colorEnd%22%93}&#8220;][et_pb_row column_structure=&#8220;1_2,1_2&#8243; use_custom_gutter=&#8220;on&#8220; gutter_width=&#8220;1&#8243; make_equal=&#8220;on&#8220; padding_top_bottom_link_1=&#8220;false&#8220; padding_top_bottom_link_2=&#8220;false&#8220; padding_left_right_link_1=&#8220;true&#8220; padding_left_right_link_2=&#8220;true&#8220; module_class=&#8220; et_pb_row_fullwidth&#8220; _builder_version=&#8220;4.13.0&#8243; width=&#8220;100%&#8220; width_tablet=&#8220;100%&#8220; width_phone=&#8220;100%&#8220; width_last_edited=&#8220;on|desktop&#8220; max_width=&#8220;100%&#8220; max_width_tablet=&#8220;100%&#8220; max_width_phone=&#8220;100%&#8220; max_width_last_edited=&#8220;on|desktop&#8220; custom_padding=&#8220;0px|0|0px|0|true|false&#8220; make_fullwidth=&#8220;on&#8220; global_colors_info=&#8220;{}&#8220; theme_builder_area=&#8220;post_content&#8220;][et_pb_column type=&#8220;1_2&#8243; _builder_version=&#8220;3.25&#8243; use_background_color_gradient=&#8220;on&#8220; background_color_gradient_start=&#8220;rgba(255,255,255,0)&#8220; background_color_gradient_end=&#8220;rgba(255,255,255,0.18)&#8220; custom_padding=&#8220;5%|6%|10%|6%&#8220; custom_padding_tablet=&#8220;5%|6%|10%|6%&#8220; custom_padding_phone=&#8220;5%|6%|10%|6%&#8220; custom_padding_last_edited=&#8220;on|tablet&#8220; global_colors_info=&#8220;{}&#8220; padding_last_edited=&#8220;on|tablet&#8220; custom_padding__hover=&#8220;|||&#8220; theme_builder_area=&#8220;post_content&#8220;][et_pb_text admin_label=&#8220;Title&#8220; _builder_version=&#8220;4.13.0&#8243; text_font=&#8220;Lato||||||||&#8220; text_font_size=&#8220;18px&#8220; text_line_height=&#8220;1.8em&#8220; link_font=&#8220;||||||||&#8220; ul_font=&#8220;||||||||&#8220; ol_font=&#8220;||||||||&#8220; quote_font=&#8220;||||||||&#8220; header_font=&#8220;||||||||&#8220; header_2_font=&#8220;Lato|700|||||||&#8220; header_2_font_size=&#8220;40px&#8220; header_2_letter_spacing=&#8220;2px&#8220; header_2_line_height=&#8220;1.5em&#8220; header_3_font=&#8220;||||||||&#8220; header_4_font=&#8220;||||||||&#8220; header_5_font=&#8220;||||||||&#8220; header_6_font=&#8220;Lato|700|||||||&#8220; header_6_font_size=&#8220;18px&#8220; header_6_letter_spacing=&#8220;1px&#8220; header_6_line_height=&#8220;1.8em&#8220; text_orientation=&#8220;right&#8220; background_layout=&#8220;dark&#8220; max_width=&#8220;600px&#8220; module_alignment=&#8220;right&#8220; animation_style=&#8220;slide&#8220; animation_direction=&#8220;bottom&#8220; animation_intensity_slide=&#8220;5%&#8220; header_2_font_size_tablet=&#8220;&#8220; header_2_font_size_phone=&#8220;22px&#8220; header_2_font_size_last_edited=&#8220;on|phone&#8220; global_colors_info=&#8220;{}&#8220; theme_builder_area=&#8220;post_content&#8220;]<\/p>\n<h2>OSLOBODI SEBE<\/h2>\n<h2>I DO\u017dIVI POTPUNU TRANSFORMACIJU<\/h2>\n<p>[\/et_pb_text][et_pb_button button_url=&#8220;\/index.php\/kontakt\/&#8220; button_text=&#8220;KONTAKTIRAJ ME&#8220; button_alignment=&#8220;right&#8220; _builder_version=&#8220;4.13.0&#8243; custom_button=&#8220;on&#8220; button_text_size=&#8220;14px&#8220; button_text_color=&#8220;#ffffff&#8220; button_bg_color=&#8220;gcid-e057fb0f-58d8-4859-8628-2029c775a7d9&#8243; button_border_width=&#8220;12px&#8220; button_border_color=&#8220;gcid-e057fb0f-58d8-4859-8628-2029c775a7d9&#8243; button_border_radius=&#8220;50px&#8220; button_letter_spacing=&#8220;2px&#8220; button_font=&#8220;Lato|900||on|||||&#8220; button_icon=&#8220;&#x24;||divi||400&#8243; custom_margin=&#8220;|||&#8220; custom_margin_tablet=&#8220;|0vw||0vw||true&#8220; custom_margin_last_edited=&#8220;off|desktop&#8220; custom_padding=&#8220;|||&#8220; global_colors_info=&#8220;{%22gcid-e057fb0f-58d8-4859-8628-2029c775a7d9%22:%91%22button_bg_color%22,%22button_border_color%22%93}&#8220; button_text_size__hover_enabled=&#8220;off&#8220; button_one_text_size__hover_enabled=&#8220;off&#8220; button_two_text_size__hover_enabled=&#8220;off&#8220; button_text_color__hover_enabled=&#8220;off&#8220; button_one_text_color__hover_enabled=&#8220;off&#8220; button_two_text_color__hover_enabled=&#8220;off&#8220; button_border_width__hover_enabled=&#8220;off&#8220; button_one_border_width__hover_enabled=&#8220;off&#8220; button_two_border_width__hover_enabled=&#8220;off&#8220; button_border_color__hover_enabled=&#8220;off&#8220; button_one_border_color__hover_enabled=&#8220;off&#8220; button_two_border_color__hover_enabled=&#8220;off&#8220; button_border_radius__hover_enabled=&#8220;off&#8220; button_one_border_radius__hover_enabled=&#8220;off&#8220; button_two_border_radius__hover_enabled=&#8220;off&#8220; button_letter_spacing__hover_enabled=&#8220;off&#8220; button_one_letter_spacing__hover_enabled=&#8220;off&#8220; button_two_letter_spacing__hover_enabled=&#8220;off&#8220; button_bg_color__hover_enabled=&#8220;off&#8220; button_one_bg_color__hover_enabled=&#8220;off&#8220; button_two_bg_color__hover_enabled=&#8220;off&#8220; theme_builder_area=&#8220;post_content&#8220;][\/et_pb_button][et_pb_text _builder_version=&#8220;4.14.4&#8243; _module_preset=&#8220;default&#8220; custom_padding=&#8220;28px|||||&#8220; global_colors_info=&#8220;{}&#8220; theme_builder_area=&#8220;post_content&#8220;]<\/p>\n<p style=\"text-align: right;\"><em>Andrea Njego\u0161evi\u0107 &#8211; <\/em><em style=\"font-size: 17px;\">BFRP, Reiki terapeut<\/em><\/p>\n<p style=\"text-align: right;\"><em><a href=\"mailto:info@oslobodisebe.rs\"><span style=\"color: #ffffff;\">info@oslobodisebe.rs<\/span><\/a><\/em><\/p>\n<p style=\"text-align: right;\"><span style=\"color: #ffffff;\"><a href=\"mailto:bahovekapi@oslobodisebe.rs\" style=\"color: #ffffff;\"><em>bahovekapi@oslobodisebe.rs<\/em><\/a><\/span><em><\/em><\/p>\n<p style=\"text-align: right;\"><em>063 7865 695<\/em><\/p>\n<p>[\/et_pb_text][\/et_pb_column][et_pb_column type=&#8220;1_2&#8243; _builder_version=&#8220;3.25&#8243; custom_padding=&#8220;5%|6%|10%|6%&#8220; custom_padding_tablet=&#8220;||150px|&#8220; custom_padding_phone=&#8220;||150px|&#8220; custom_padding_last_edited=&#8220;on|tablet&#8220; global_colors_info=&#8220;{}&#8220; padding_tablet=&#8220;||150px|&#8220; padding_last_edited=&#8220;on|tablet&#8220; custom_padding__hover=&#8220;|||&#8220; padding_phone=&#8220;||150px|&#8220; theme_builder_area=&#8220;post_content&#8220;][et_pb_text _builder_version=&#8220;4.13.0&#8243; text_font=&#8220;Lato||||||||&#8220; text_font_size=&#8220;25px&#8220; text_line_height=&#8220;1.8em&#8220; background_layout=&#8220;dark&#8220; max_width=&#8220;600px&#8220; animation_style=&#8220;slide&#8220; animation_direction=&#8220;bottom&#8220; animation_intensity_slide=&#8220;5%&#8220; text_font_size_tablet=&#8220;&#8220; text_font_size_phone=&#8220;&#8220; text_font_size_last_edited=&#8220;on|tablet&#8220; global_colors_info=&#8220;{}&#8220; theme_builder_area=&#8220;post_content&#8220;]<\/p>\n<p>Vrste programa i na\u010dini rada na sebi:<span style=\"color: #ffffff;\"><strong><a href=\"\/index.php\/program-za-partnere\/\" style=\"color: #ffffff;\"><\/a><\/strong><\/span><\/p>\n<p><strong><\/strong><\/p>\n<p>[\/et_pb_text][et_pb_blurb title=&#8220;Terapija Bahovim kapima&#8220; url=&#8220;\/index.php\/bahove-kapi-terapija\/&#8220; use_icon=&#8220;on&#8220; font_icon=&#8220;&#xf1fb;||fa||900&#8243; icon_color=&#8220;#ffffff&#8220; icon_placement=&#8220;left&#8220; image_icon_width=&#8220;22px&#8220; content_max_width=&#8220;1100px&#8220; _builder_version=&#8220;4.14.4&#8243; header_font=&#8220;Lato|700|||||||&#8220; header_font_size=&#8220;20px&#8220; header_line_height=&#8220;1.4em&#8220; body_font_size=&#8220;20px&#8220; background_layout=&#8220;dark&#8220; custom_margin=&#8220;||0px|&#8220; animation_style=&#8220;slide&#8220; animation_direction=&#8220;bottom&#8220; animation_intensity_slide=&#8220;5%&#8220; icon_font_size=&#8220;22px&#8220; global_colors_info=&#8220;{}&#8220; theme_builder_area=&#8220;post_content&#8220;][\/et_pb_blurb][et_pb_blurb title=&#8220;Reiki terapija&#8220; url=&#8220;\/index.php\/reiki-terapija\/&#8220; use_icon=&#8220;on&#8220; font_icon=&#8220;&#xf4c2;||fa||900&#8243; icon_color=&#8220;#ffffff&#8220; icon_placement=&#8220;left&#8220; image_icon_width=&#8220;22px&#8220; content_max_width=&#8220;1100px&#8220; _builder_version=&#8220;4.14.4&#8243; header_font=&#8220;Lato|700|||||||&#8220; header_font_size=&#8220;20px&#8220; header_line_height=&#8220;1.4em&#8220; body_font_size=&#8220;20px&#8220; background_layout=&#8220;dark&#8220; custom_margin=&#8220;||0px|&#8220; animation_style=&#8220;slide&#8220; animation_direction=&#8220;bottom&#8220; animation_intensity_slide=&#8220;5%&#8220; icon_font_size=&#8220;22px&#8220; global_colors_info=&#8220;{}&#8220; theme_builder_area=&#8220;post_content&#8220;][\/et_pb_blurb][et_pb_blurb title=&#8220;Individualni program Total Transformation&#8220; url=&#8220;\/index.php\/individualni-program\/&#8220; use_icon=&#8220;on&#8220; font_icon=&#8220;&#xe08a;||divi||400&#8243; icon_color=&#8220;#ffffff&#8220; icon_placement=&#8220;left&#8220; image_icon_width=&#8220;22px&#8220; content_max_width=&#8220;1100px&#8220; _builder_version=&#8220;4.14.4&#8243; header_font=&#8220;Lato|700|||||||&#8220; header_font_size=&#8220;20px&#8220; header_line_height=&#8220;1.4em&#8220; body_font_size=&#8220;20px&#8220; background_layout=&#8220;dark&#8220; custom_margin=&#8220;||0px|&#8220; animation_style=&#8220;slide&#8220; animation_direction=&#8220;bottom&#8220; animation_intensity_slide=&#8220;5%&#8220; icon_font_size=&#8220;22px&#8220; global_colors_info=&#8220;{}&#8220; theme_builder_area=&#8220;post_content&#8220;][\/et_pb_blurb][et_pb_blurb title=&#8220;Program za partnere Reset &#038; Restart&#8220; url=&#8220;\/index.php\/program-za-partnere-reset-restart\/&#8220; use_icon=&#8220;on&#8220; font_icon=&#8220;&#xe089;||divi||400&#8243; icon_color=&#8220;#ffffff&#8220; icon_placement=&#8220;left&#8220; image_icon_width=&#8220;22px&#8220; content_max_width=&#8220;1100px&#8220; _builder_version=&#8220;4.14.4&#8243; header_font=&#8220;Lato|700|||||||&#8220; header_font_size=&#8220;20px&#8220; header_line_height=&#8220;1.4em&#8220; body_font_size=&#8220;20px&#8220; background_layout=&#8220;dark&#8220; custom_margin=&#8220;||0px|&#8220; animation_style=&#8220;slide&#8220; animation_direction=&#8220;bottom&#8220; animation_intensity_slide=&#8220;5%&#8220; icon_font_size=&#8220;22px&#8220; global_colors_info=&#8220;{}&#8220; theme_builder_area=&#8220;post_content&#8220;][\/et_pb_blurb][et_pb_image src=&#8220;https:\/\/oslobodisebe.rs\/wp-content\/uploads\/2021\/12\/bach-registrovani-prakticar-e1640646993224.png&#8220; title_text=&#8220;bach-registrovani-prakticar&#8220; url=&#8220;https:\/\/www.bachcentre.com\/en\/contact\/practitioners\/&#8220; url_new_window=&#8220;on&#8220; _builder_version=&#8220;4.14.5&#8243; _module_preset=&#8220;default&#8220; custom_margin=&#8220;28px|||||&#8220; global_colors_info=&#8220;{}&#8220; theme_builder_area=&#8220;post_content&#8220;][\/et_pb_image][\/et_pb_column][\/et_pb_row][\/et_pb_section]<\/p>\n","protected":false},"excerpt":{"rendered":"<p>Uvek je pravo vreme da zapo\u010dne\u0161 s radom na sebi.OSLOBODI SEBE I DO\u017dIVI POTPUNU TRANSFORMACIJUAndrea Njego\u0161evi\u0107 &#8211; BFRP, Reiki terapeut info@oslobodisebe.rs bahovekapi@oslobodisebe.rs 063 7865 695Vrste programa i na\u010dini rada na sebi:<\/p>\n","protected":false},"author":1,"featured_media":0,"parent":0,"menu_order":0,"comment_status":"closed","ping_status":"closed","template":"","meta":{"_et_pb_use_builder":"on","_et_pb_old_content":"","_et_gb_content_width":"","footnotes":""},"class_list":["post-272","page","type-page","status-publish","hentry"],"yoast_head":"<!-- This site is optimized with the Yoast SEO plugin v24.9 - https:\/\/yoast.com\/wordpress\/plugins\/seo\/ -->\n<title>Blog - Oslobodi sebe<\/title>\n<meta name=\"robots\" content=\"index, follow, max-snippet:-1, max-image-preview:large, max-video-preview:-1\" \/>\n<link rel=\"canonical\" href=\"https:\/\/oslobodisebe.rs\/index.php\/blog\/\" \/>\n<meta property=\"og:locale\" content=\"sr_RS\" \/>\n<meta property=\"og:type\" content=\"article\" \/>\n<meta property=\"og:title\" content=\"Blog - Oslobodi sebe\" \/>\n<meta property=\"og:description\" content=\"Uvek je pravo vreme da zapo\u010dne\u0161 s radom na sebi.OSLOBODI SEBE I DO\u017dIVI POTPUNU TRANSFORMACIJUAndrea Njego\u0161evi\u0107 - BFRP, Reiki terapeut info@oslobodisebe.rs bahovekapi@oslobodisebe.rs 063 7865 695Vrste programa i na\u010dini rada na sebi:\" \/>\n<meta property=\"og:url\" content=\"https:\/\/oslobodisebe.rs\/index.php\/blog\/\" \/>\n<meta property=\"og:site_name\" content=\"Oslobodi sebe\" \/>\n<meta property=\"article:modified_time\" content=\"2022-01-12T12:01:42+00:00\" \/>\n<meta property=\"og:image\" content=\"https:\/\/oslobodisebe.rs\/wp-content\/uploads\/2022\/01\/oslobodisebe.jpg\" \/>\n\t<meta property=\"og:image:width\" content=\"747\" \/>\n\t<meta property=\"og:image:height\" content=\"1153\" \/>\n\t<meta property=\"og:image:type\" content=\"image\/jpeg\" \/>\n<meta name=\"twitter:card\" content=\"summary_large_image\" \/>\n<script type=\"application\/ld+json\" class=\"yoast-schema-graph\">{\"@context\":\"https:\/\/schema.org\",\"@graph\":[{\"@type\":\"WebPage\",\"@id\":\"https:\/\/oslobodisebe.rs\/index.php\/blog\/\",\"url\":\"https:\/\/oslobodisebe.rs\/index.php\/blog\/\",\"name\":\"Blog - Oslobodi sebe\",\"isPartOf\":{\"@id\":\"https:\/\/oslobodisebe.rs\/#website\"},\"datePublished\":\"2021-12-27T22:06:13+00:00\",\"dateModified\":\"2022-01-12T12:01:42+00:00\",\"breadcrumb\":{\"@id\":\"https:\/\/oslobodisebe.rs\/index.php\/blog\/#breadcrumb\"},\"inLanguage\":\"sr-RS\",\"potentialAction\":[{\"@type\":\"ReadAction\",\"target\":[\"https:\/\/oslobodisebe.rs\/index.php\/blog\/\"]}]},{\"@type\":\"BreadcrumbList\",\"@id\":\"https:\/\/oslobodisebe.rs\/index.php\/blog\/#breadcrumb\",\"itemListElement\":[{\"@type\":\"ListItem\",\"position\":1,\"name\":\"\u041f\u043e\u0447\u0435\u0442\u043d\u0430\",\"item\":\"https:\/\/oslobodisebe.rs\/\"},{\"@type\":\"ListItem\",\"position\":2,\"name\":\"Blog\"}]},{\"@type\":\"WebSite\",\"@id\":\"https:\/\/oslobodisebe.rs\/#website\",\"url\":\"https:\/\/oslobodisebe.rs\/\",\"name\":\"Oslobodi sebe\",\"description\":\"Andrea Njego\u0161evi\u0107, terapeut - savetovanje i prirodno le\u010denje\",\"potentialAction\":[{\"@type\":\"SearchAction\",\"target\":{\"@type\":\"EntryPoint\",\"urlTemplate\":\"https:\/\/oslobodisebe.rs\/?s={search_term_string}\"},\"query-input\":{\"@type\":\"PropertyValueSpecification\",\"valueRequired\":true,\"valueName\":\"search_term_string\"}}],\"inLanguage\":\"sr-RS\"}]}<\/script>\n<!-- \/ Yoast SEO plugin. -->","yoast_head_json":{"title":"Blog - Oslobodi sebe","robots":{"index":"index","follow":"follow","max-snippet":"max-snippet:-1","max-image-preview":"max-image-preview:large","max-video-preview":"max-video-preview:-1"},"canonical":"https:\/\/oslobodisebe.rs\/index.php\/blog\/","og_locale":"sr_RS","og_type":"article","og_title":"Blog - Oslobodi sebe","og_description":"Uvek je pravo vreme da zapo\u010dne\u0161 s radom na sebi.OSLOBODI SEBE I DO\u017dIVI POTPUNU TRANSFORMACIJUAndrea Njego\u0161evi\u0107 - BFRP, Reiki terapeut info@oslobodisebe.rs bahovekapi@oslobodisebe.rs 063 7865 695Vrste programa i na\u010dini rada na sebi:","og_url":"https:\/\/oslobodisebe.rs\/index.php\/blog\/","og_site_name":"Oslobodi sebe","article_modified_time":"2022-01-12T12:01:42+00:00","og_image":[{"width":747,"height":1153,"url":"https:\/\/oslobodisebe.rs\/wp-content\/uploads\/2022\/01\/oslobodisebe.jpg","type":"image\/jpeg"}],"twitter_card":"summary_large_image","schema":{"@context":"https:\/\/schema.org","@graph":[{"@type":"WebPage","@id":"https:\/\/oslobodisebe.rs\/index.php\/blog\/","url":"https:\/\/oslobodisebe.rs\/index.php\/blog\/","name":"Blog - Oslobodi sebe","isPartOf":{"@id":"https:\/\/oslobodisebe.rs\/#website"},"datePublished":"2021-12-27T22:06:13+00:00","dateModified":"2022-01-12T12:01:42+00:00","breadcrumb":{"@id":"https:\/\/oslobodisebe.rs\/index.php\/blog\/#breadcrumb"},"inLanguage":"sr-RS","potentialAction":[{"@type":"ReadAction","target":["https:\/\/oslobodisebe.rs\/index.php\/blog\/"]}]},{"@type":"BreadcrumbList","@id":"https:\/\/oslobodisebe.rs\/index.php\/blog\/#breadcrumb","itemListElement":[{"@type":"ListItem","position":1,"name":"\u041f\u043e\u0447\u0435\u0442\u043d\u0430","item":"https:\/\/oslobodisebe.rs\/"},{"@type":"ListItem","position":2,"name":"Blog"}]},{"@type":"WebSite","@id":"https:\/\/oslobodisebe.rs\/#website","url":"https:\/\/oslobodisebe.rs\/","name":"Oslobodi sebe","description":"Andrea Njego\u0161evi\u0107, terapeut - savetovanje i prirodno le\u010denje","potentialAction":[{"@type":"SearchAction","target":{"@type":"EntryPoint","urlTemplate":"https:\/\/oslobodisebe.rs\/?s={search_term_string}"},"query-input":{"@type":"PropertyValueSpecification","valueRequired":true,"valueName":"search_term_string"}}],"inLanguage":"sr-RS"}]}},"_links":{"self":[{"href":"https:\/\/oslobodisebe.rs\/index.php\/wp-json\/wp\/v2\/pages\/272","targetHints":{"allow":["GET"]}}],"collection":[{"href":"https:\/\/oslobodisebe.rs\/index.php\/wp-json\/wp\/v2\/pages"}],"about":[{"href":"https:\/\/oslobodisebe.rs\/index.php\/wp-json\/wp\/v2\/types\/page"}],"author":[{"embeddable":true,"href":"https:\/\/oslobodisebe.rs\/index.php\/wp-json\/wp\/v2\/users\/1"}],"replies":[{"embeddable":true,"href":"https:\/\/oslobodisebe.rs\/index.php\/wp-json\/wp\/v2\/comments?post=272"}],"version-history":[{"count":5,"href":"https:\/\/oslobodisebe.rs\/index.php\/wp-json\/wp\/v2\/pages\/272\/revisions"}],"predecessor-version":[{"id":526,"href":"https:\/\/oslobodisebe.rs\/index.php\/wp-json\/wp\/v2\/pages\/272\/revisions\/526"}],"wp:attachment":[{"href":"https:\/\/oslobodisebe.rs\/index.php\/wp-json\/wp\/v2\/media?parent=272"}],"curies":[{"name":"wp","href":"https:\/\/api.w.org\/{rel}","templated":true}]}}